{"id":2,"date":"2025-02-28T14:57:38","date_gmt":"2025-02-28T14:57:38","guid":{"rendered":"https:\/\/info.iscedouro.pt\/?page_id=2"},"modified":"2026-03-23T10:29:43","modified_gmt":"2026-03-23T10:29:43","slug":"sample-page","status":"publish","type":"page","link":"https:\/\/info.iscedouro.pt\/","title":{"rendered":"Info ISCE"},"content":{"rendered":"\t\t<div data-elementor-type=\"wp-page\" data-elementor-id=\"2\" class=\"elementor elementor-2\">\n\t\t\t\t<div class=\"elementor-element elementor-element-68cff9b6 e-flex e-con-boxed e-con e-parent\" data-id=\"68cff9b6\" data-element_type=\"container\">\n\t\t\t\t\t<div class=\"e-con-inner\">\n\t\t\t\t<div class=\"elementor-element elementor-element-c318053 elementor-widget elementor-widget-image\" data-id=\"c318053\" data-element_type=\"widget\" data-widget_type=\"image.default\">\n\t\t\t\t<div class=\"elementor-widget-container\">\n\t\t\t\t\t\t\t\t\t\t\t\t\t\t\t<img fetchpriority=\"high\" decoding=\"async\" width=\"2458\" height=\"949\" src=\"https:\/\/info.iscedouro.pt\/wp-content\/uploads\/2025\/03\/Logo_ISCEDouro.png\" class=\"attachment-full size-full wp-image-16\" alt=\"\" srcset=\"https:\/\/info.iscedouro.pt\/wp-content\/uploads\/2025\/03\/Logo_ISCEDouro.png 2458w, https:\/\/info.iscedouro.pt\/wp-content\/uploads\/2025\/03\/Logo_ISCEDouro-300x116.png 300w, https:\/\/info.iscedouro.pt\/wp-content\/uploads\/2025\/03\/Logo_ISCEDouro-1024x395.png 1024w, https:\/\/info.iscedouro.pt\/wp-content\/uploads\/2025\/03\/Logo_ISCEDouro-768x297.png 768w, https:\/\/info.iscedouro.pt\/wp-content\/uploads\/2025\/03\/Logo_ISCEDouro-1536x593.png 1536w, https:\/\/info.iscedouro.pt\/wp-content\/uploads\/2025\/03\/Logo_ISCEDouro-2048x791.png 2048w\" sizes=\"(max-width: 2458px) 100vw, 2458px\" \/>\t\t\t\t\t\t\t\t\t\t\t\t\t\t\t<\/div>\n\t\t\t\t<\/div>\n\t\t\t\t<div class=\"elementor-element elementor-element-2eb110a elementor-widget elementor-widget-html\" data-id=\"2eb110a\" data-element_type=\"widget\" data-widget_type=\"html.default\">\n\t\t\t\t<div class=\"elementor-widget-container\">\n\t\t\t\t\t<script>\n  document.addEventListener('DOMContentLoaded', function () {\n    const groups = document.querySelectorAll('.limit-2-checkbox');\n\n    groups.forEach(group => {\n        const checkboxes = group.querySelectorAll('input[type=\"checkbox\"]');\n\n        checkboxes.forEach(box => {\n            box.addEventListener('change', function () {\n                const checked = group.querySelectorAll('input[type=\"checkbox\"]:checked');\n\n                if (checked.length >= 2) {\n                    checkboxes.forEach(cb => {\n                        if (!cb.checked) cb.disabled = true;\n                    });\n                } else {\n                    checkboxes.forEach(cb => cb.disabled = false);\n                }\n            });\n        });\n    });\n});\n<\/script>\t\t\t\t<\/div>\n\t\t\t\t<\/div>\n\t\t\t\t<div class=\"elementor-element elementor-element-d05ba68 fluentform-widget-submit-button-custom elementor-widget elementor-widget-fluent-form-widget\" data-id=\"d05ba68\" data-element_type=\"widget\" data-widget_type=\"fluent-form-widget.default\">\n\t\t\t\t<div class=\"elementor-widget-container\">\n\t\t\t\t\t\n            <div class=\"fluentform-widget-wrapper fluentform-widget-align-default\">\n\n            \n            <div class='fluentform ff-default fluentform_wrapper_3 ffs_default_wrap'><form data-form_id=\"3\" id=\"fluentform_3\" class=\"frm-fluent-form fluent_form_3 ff-el-form-top ff_form_instance_3_1 ff-form-loading ffs_default\" data-form_instance=\"ff_form_instance_3_1\" method=\"POST\" ><fieldset  style=\"border: none!important;margin: 0!important;padding: 0!important;background-color: transparent!important;box-shadow: none!important;outline: none!important; min-inline-size: 100%;\">\n                    <legend class=\"ff_screen_reader_title\" style=\"display: block; margin: 0!important;padding: 0!important;height: 0!important;text-indent: -999999px;width: 0!important;overflow:hidden;\">Info<\/legend><input type='hidden' name='__fluent_form_embded_post_id' value='2' \/><input type=\"hidden\" id=\"_fluentform_3_fluentformnonce\" name=\"_fluentform_3_fluentformnonce\" value=\"7d09037f60\" \/><input type=\"hidden\" name=\"_wp_http_referer\" value=\"\/index.php\/wp-json\/wp\/v2\/pages\/2\" \/><div data-type=\"name-element\" data-name=\"names\" class=\" ff-field_container ff-name-field-wrapper\" ><div class='ff-t-container'><div class='ff-t-cell '><div class='ff-el-group ff-el-form-top'><div class=\"ff-el-input--label ff-el-is-required asterisk-right\"><label for='ff_3_names_first_name_' >Nome Completo:<\/label><\/div><div class='ff-el-input--content'><input type=\"text\" name=\"names[first_name]\" id=\"ff_3_names_first_name_\" class=\"ff-el-form-control\" aria-invalid=\"false\" aria-required=true><\/div><\/div><\/div><\/div><\/div><div class='ff-el-group'><div class=\"ff-el-input--label ff-el-is-required asterisk-right\"><label for='ff_3_email' aria-label=\"Email\">Email<\/label><\/div><div class='ff-el-input--content'><input type=\"email\" name=\"email\" id=\"ff_3_email\" class=\"ff-el-form-control\" data-name=\"email\"  aria-invalid=\"false\" aria-required=true><\/div><\/div><div class='ff-el-group'><div class=\"ff-el-input--label asterisk-right\"><label for='ff_3_input_text' aria-label=\"Escola de proveni\u00eancia\">Escola de proveni\u00eancia<\/label><\/div><div class='ff-el-input--content'><input type=\"text\" name=\"input_text\" class=\"ff-el-form-control\" data-name=\"input_text\" id=\"ff_3_input_text\"  aria-invalid=\"false\" aria-required=false><\/div><\/div><div class='ff-el-group'><div class=\"ff-el-input--label ff-el-is-required asterisk-right\"><label  aria-label=\"Escolaridade:\">Escolaridade:<\/label><\/div><div class='ff-el-input--content'><div class='ff-el-form-check ff-el-form-check-'><label class='ff-el-form-check-label' for=input_radio_73dc57adc65937c91aa4db6cc3f67658><input  type=\"radio\" name=\"input_radio\" data-name=\"input_radio\" class=\"ff-el-form-check-input ff-el-form-check-radio\" value=\"10.\u00ba Ano\"  id='input_radio_73dc57adc65937c91aa4db6cc3f67658' aria-label='10.\u00ba Ano' aria-invalid='false' aria-required=true> <span>10.\u00ba Ano<\/span><\/label><\/div><div class='ff-el-form-check ff-el-form-check-'><label class='ff-el-form-check-label' for=input_radio_d5946d72d287bc4b66d2689a1fc2741f><input  type=\"radio\" name=\"input_radio\" data-name=\"input_radio\" class=\"ff-el-form-check-input ff-el-form-check-radio\" value=\"11.\u00ba Ano\"  id='input_radio_d5946d72d287bc4b66d2689a1fc2741f' aria-label='11.\u00ba Ano' aria-invalid='false' aria-required=true> <span>11.\u00ba Ano<\/span><\/label><\/div><div class='ff-el-form-check ff-el-form-check-'><label class='ff-el-form-check-label' for=input_radio_e0efa183f315e9cab53b94f948c831b7><input  type=\"radio\" name=\"input_radio\" data-name=\"input_radio\" class=\"ff-el-form-check-input ff-el-form-check-radio\" value=\"12.\u00ba Ano\"  id='input_radio_e0efa183f315e9cab53b94f948c831b7' aria-label='12.\u00ba Ano' aria-invalid='false' aria-required=true> <span>12.\u00ba Ano<\/span><\/label><\/div><div class='ff-el-form-check ff-el-form-check-'><label class='ff-el-form-check-label' for=input_radio_d92a5f26493a2d9209ad487d6d38279a><input  type=\"radio\" name=\"input_radio\" data-name=\"input_radio\" class=\"ff-el-form-check-input ff-el-form-check-radio\" value=\"Licenciatura\"  id='input_radio_d92a5f26493a2d9209ad487d6d38279a' aria-label='Licenciatura' aria-invalid='false' aria-required=true> <span>Licenciatura<\/span><\/label><\/div><\/div><\/div><div class='ff-el-group'><div class=\"ff-el-input--label ff-el-is-required asterisk-right\"><label  aria-label=\"Sabias da exist\u00eancia de uma Institui\u00e7\u00e3o de Ensino Superior em Penafiel?\">Sabias da exist\u00eancia de uma Institui\u00e7\u00e3o de Ensino Superior em Penafiel?<\/label><\/div><div class='ff-el-input--content'><div class='ff-el-form-check ff-el-form-check-'><label class='ff-el-form-check-label' for=input_radio_1_de2b75dc9c04c9ddd256cd3cb936e26b><input  type=\"radio\" name=\"input_radio_1\" data-name=\"input_radio_1\" class=\"ff-el-form-check-input ff-el-form-check-radio\" value=\"Sim\"  id='input_radio_1_de2b75dc9c04c9ddd256cd3cb936e26b' aria-label='Sim' aria-invalid='false' aria-required=true> <span>Sim<\/span><\/label><\/div><div class='ff-el-form-check ff-el-form-check-'><label class='ff-el-form-check-label' for=input_radio_1_4180d706db11a9dac6d10dad24cad0e4><input  type=\"radio\" name=\"input_radio_1\" data-name=\"input_radio_1\" class=\"ff-el-form-check-input ff-el-form-check-radio\" value=\"N\u00e3o\"  id='input_radio_1_4180d706db11a9dac6d10dad24cad0e4' aria-label='N\u00e3o' aria-invalid='false' aria-required=true> <span>N\u00e3o<\/span><\/label><\/div><\/div><\/div><div class='ff-el-group limit-2-checkbox'><div class=\"ff-el-input--label ff-el-is-required asterisk-right\"><label  aria-label=\"\u00c1rea de estudo de interesse:\">\u00c1rea de estudo de interesse:<\/label><\/div><div class='ff-el-input--content'><div class='ff-el-form-check ff-el-form-check-'><label class='ff-el-form-check-label' for=checkbox_894a2df2518185a694d0ef5bcfe0cba8><input  type=\"checkbox\" name=\"checkbox[]\" data-name=\"checkbox\" class=\"ff-el-form-check-input ff-el-form-check-checkbox\" value=\" Desporto\"  id='checkbox_894a2df2518185a694d0ef5bcfe0cba8' aria-label='Desporto' aria-invalid='false' aria-required=true> <span> Desporto<\/span><\/label><\/div><div class='ff-el-form-check ff-el-form-check-'><label class='ff-el-form-check-label' for=checkbox_a3a84590c63071c35495548c06c157c1><input  type=\"checkbox\" name=\"checkbox[]\" data-name=\"checkbox\" class=\"ff-el-form-check-input ff-el-form-check-checkbox\" value=\"Educa\u00e7\u00e3o B\u00e1sica\"  id='checkbox_a3a84590c63071c35495548c06c157c1' aria-label='Educa\u00e7\u00e3o B\u00e1sica' aria-invalid='false' aria-required=true> <span>Educa\u00e7\u00e3o B\u00e1sica<\/span><\/label><\/div><div class='ff-el-form-check ff-el-form-check-'><label class='ff-el-form-check-label' for=checkbox_c641ab6ce9c91b153da665e37bbe3b09><input  type=\"checkbox\" name=\"checkbox[]\" data-name=\"checkbox\" class=\"ff-el-form-check-input ff-el-form-check-checkbox\" value=\"Educa\u00e7\u00e3o Social\"  id='checkbox_c641ab6ce9c91b153da665e37bbe3b09' aria-label='Educa\u00e7\u00e3o Social' aria-invalid='false' aria-required=true> <span>Educa\u00e7\u00e3o Social<\/span><\/label><\/div><div class='ff-el-form-check ff-el-form-check-'><label class='ff-el-form-check-label' for=checkbox_ef73f6fa8a8edc168cc5c90342a7e0f9><input  type=\"checkbox\" name=\"checkbox[]\" data-name=\"checkbox\" class=\"ff-el-form-check-input ff-el-form-check-checkbox\" value=\"Multim\u00e9dia\/Tecnologias\"  id='checkbox_ef73f6fa8a8edc168cc5c90342a7e0f9' aria-label='Multim\u00e9dia\/Tecnologias' aria-invalid='false' aria-required=true> <span>Multim\u00e9dia\/Tecnologias<\/span><\/label><\/div><div class='ff-el-form-check ff-el-form-check-'><label class='ff-el-form-check-label' for=checkbox_8b1341f8edcbbea3a3eedf6b00345d19><input  type=\"checkbox\" name=\"checkbox[]\" data-name=\"checkbox\" class=\"ff-el-form-check-input ff-el-form-check-checkbox\" value=\"Design de Produto\"  id='checkbox_8b1341f8edcbbea3a3eedf6b00345d19' aria-label='Design de Produto' aria-invalid='false' aria-required=true> <span>Design de Produto<\/span><\/label><\/div><div class='ff-el-form-check ff-el-form-check-'><label class='ff-el-form-check-label' for=checkbox_c07f0f1ee3439575d45c2341a9d4ce05><input  type=\"checkbox\" name=\"checkbox[]\" data-name=\"checkbox\" class=\"ff-el-form-check-input ff-el-form-check-checkbox\" value=\"Turismo\"  id='checkbox_c07f0f1ee3439575d45c2341a9d4ce05' aria-label='Turismo' aria-invalid='false' aria-required=true> <span>Turismo<\/span><\/label><\/div><\/div><\/div><div class='ff-el-group limit-2-checkbox'><div class=\"ff-el-input--label ff-el-is-required asterisk-right\"><label  aria-label=\"Tipologia de curso em que est\u00e1s interessado:\">Tipologia de curso em que est\u00e1s interessado:<\/label><\/div><div class='ff-el-input--content'><div class='ff-el-form-check ff-el-form-check-'><label class='ff-el-form-check-label' for=checkbox_3_a580da085343586bbcd061cd1fef93b8><input  type=\"checkbox\" name=\"checkbox_3[]\" data-name=\"checkbox_3\" class=\"ff-el-form-check-input ff-el-form-check-checkbox\" value=\"CTeSP\"  id='checkbox_3_a580da085343586bbcd061cd1fef93b8' aria-label='CTeSP' aria-invalid='false' aria-required=true> <span>CTeSP<\/span><\/label><\/div><div class='ff-el-form-check ff-el-form-check-'><label class='ff-el-form-check-label' for=checkbox_3_9d7a70b0786a1d6874ab9629e3a0bb12><input  type=\"checkbox\" name=\"checkbox_3[]\" data-name=\"checkbox_3\" class=\"ff-el-form-check-input ff-el-form-check-checkbox\" value=\"Licenciatura\"  id='checkbox_3_9d7a70b0786a1d6874ab9629e3a0bb12' aria-label='Licenciatura' aria-invalid='false' aria-required=true> <span>Licenciatura<\/span><\/label><\/div><div class='ff-el-form-check ff-el-form-check-'><label class='ff-el-form-check-label' for=checkbox_3_d19eccd764f2347ddb820baab4d636b4><input  type=\"checkbox\" name=\"checkbox_3[]\" data-name=\"checkbox_3\" class=\"ff-el-form-check-input ff-el-form-check-checkbox\" value=\"Mestrado\"  id='checkbox_3_d19eccd764f2347ddb820baab4d636b4' aria-label='Mestrado' aria-invalid='false' aria-required=true> <span>Mestrado<\/span><\/label><\/div><div class='ff-el-form-check ff-el-form-check-'><label class='ff-el-form-check-label' for=checkbox_3_c5b36baf9c9a58c5bec6390ba77d5d1e><input  type=\"checkbox\" name=\"checkbox_3[]\" data-name=\"checkbox_3\" class=\"ff-el-form-check-input ff-el-form-check-checkbox\" value=\"P\u00f3s-Gradua\u00e7\u00e3o\"  id='checkbox_3_c5b36baf9c9a58c5bec6390ba77d5d1e' aria-label='P\u00f3s-Gradua\u00e7\u00e3o' aria-invalid='false' aria-required=true> <span>P\u00f3s-Gradua\u00e7\u00e3o<\/span><\/label><\/div><\/div><\/div><div class='ff-el-group limit-2-checkbox'><div class=\"ff-el-input--label ff-el-is-required asterisk-right\"><label  aria-label=\"Como tomaste conhecimento dos nossos Cursos?\">Como tomaste conhecimento dos nossos Cursos?<\/label><\/div><div class='ff-el-input--content'><div class='ff-el-form-check ff-el-form-check-'><label class='ff-el-form-check-label' for=checkbox_2_d15f252895a785c2876f2cb91732c2d0><input  type=\"checkbox\" name=\"checkbox_2[]\" data-name=\"checkbox_2\" class=\"ff-el-form-check-input ff-el-form-check-checkbox\" value=\"Escola\"  id='checkbox_2_d15f252895a785c2876f2cb91732c2d0' aria-label='Escola' aria-invalid='false' aria-required=true> <span>Escola<\/span><\/label><\/div><div class='ff-el-form-check ff-el-form-check-'><label class='ff-el-form-check-label' for=checkbox_2_bcb9943f8c13625ed917e02187a5e438><input  type=\"checkbox\" name=\"checkbox_2[]\" data-name=\"checkbox_2\" class=\"ff-el-form-check-input ff-el-form-check-checkbox\" value=\"Feira\"  id='checkbox_2_bcb9943f8c13625ed917e02187a5e438' aria-label='Feira' aria-invalid='false' aria-required=true> <span>Feira<\/span><\/label><\/div><div class='ff-el-form-check ff-el-form-check-'><label class='ff-el-form-check-label' for=checkbox_2_e6cfd40c7b1fab177b0f4d2d57c328ec><input  type=\"checkbox\" name=\"checkbox_2[]\" data-name=\"checkbox_2\" class=\"ff-el-form-check-input ff-el-form-check-checkbox\" value=\"Qualifica\"  id='checkbox_2_e6cfd40c7b1fab177b0f4d2d57c328ec' aria-label='Qualifica' aria-invalid='false' aria-required=true> <span>Qualifica<\/span><\/label><\/div><div class='ff-el-form-check ff-el-form-check-'><label class='ff-el-form-check-label' for=checkbox_2_0c60781b7ae37642257e57ea4e5af64a><input  type=\"checkbox\" name=\"checkbox_2[]\" data-name=\"checkbox_2\" class=\"ff-el-form-check-input ff-el-form-check-checkbox\" value=\"Redes Sociais\"  id='checkbox_2_0c60781b7ae37642257e57ea4e5af64a' aria-label='Redes Sociais' aria-invalid='false' aria-required=true> <span>Redes Sociais<\/span><\/label><\/div><div class='ff-el-form-check ff-el-form-check-'><label class='ff-el-form-check-label' for=checkbox_2_76c77aa3a1899d782e686a04c73f6ca4><input  type=\"checkbox\" name=\"checkbox_2[]\" data-name=\"checkbox_2\" class=\"ff-el-form-check-input ff-el-form-check-checkbox\" value=\"Website\"  id='checkbox_2_76c77aa3a1899d782e686a04c73f6ca4' aria-label='Website' aria-invalid='false' aria-required=true> <span>Website<\/span><\/label><\/div><div class='ff-el-form-check ff-el-form-check-'><label class='ff-el-form-check-label' for=checkbox_2_334ca92df1d8a03103f2e3fc8150ebfd><input  type=\"checkbox\" name=\"checkbox_2[]\" data-name=\"checkbox_2\" class=\"ff-el-form-check-input ff-el-form-check-checkbox\" value=\"Outdoors\"  id='checkbox_2_334ca92df1d8a03103f2e3fc8150ebfd' aria-label='Outdoors' aria-invalid='false' aria-required=true> <span>Outdoors<\/span><\/label><\/div><div class='ff-el-form-check ff-el-form-check-'><label class='ff-el-form-check-label' for=checkbox_2_ef91b8079f718c5b29b45ae5b1602943><input  type=\"checkbox\" name=\"checkbox_2[]\" data-name=\"checkbox_2\" class=\"ff-el-form-check-input ff-el-form-check-checkbox\" value=\"Familiares\/Amigos\"  id='checkbox_2_ef91b8079f718c5b29b45ae5b1602943' aria-label='Familiares\/Amigos' aria-invalid='false' aria-required=true> <span>Familiares\/Amigos<\/span><\/label><\/div><\/div><\/div><div class='ff-el-group'><div class=\"ff-el-input--label asterisk-right\"><label  aria-label=\"Pretendes receber informa\u00e7\u00f5es acerca dos Cursos e das datas de candidatura?\">Pretendes receber informa\u00e7\u00f5es acerca dos Cursos e das datas de candidatura?<\/label><\/div><div class='ff-el-input--content'><div class='ff-el-form-check ff-el-form-check-'><label class='ff-el-form-check-label' for=input_radio_2_ac54346dc51d2f15056d7593837009c1><input  type=\"radio\" name=\"input_radio_2\" data-name=\"input_radio_2\" class=\"ff-el-form-check-input ff-el-form-check-radio\" value=\"Sim!\"  id='input_radio_2_ac54346dc51d2f15056d7593837009c1' aria-label='Sim!' aria-invalid='false' aria-required=false> <span>Sim!<\/span><\/label><\/div><div class='ff-el-form-check ff-el-form-check-'><label class='ff-el-form-check-label' for=input_radio_2_8f05a3ee412683c2e3b4d91fab4bc16d><input  type=\"radio\" name=\"input_radio_2\" data-name=\"input_radio_2\" class=\"ff-el-form-check-input ff-el-form-check-radio\" value=\"N\u00e3o!\"  id='input_radio_2_8f05a3ee412683c2e3b4d91fab4bc16d' aria-label='N\u00e3o!' aria-invalid='false' aria-required=false> <span>N\u00e3o!<\/span><\/label><\/div><\/div><\/div><div class='ff-el-group ff-text-left ff_submit_btn_wrapper'><button type=\"submit\" class=\"ff-btn ff-btn-submit ff-btn-md ff_btn_style\" >Submeter<\/button><\/div><\/fieldset><\/form><div id='fluentform_3_errors' class='ff-errors-in-stack ff_form_instance_3_1 ff-form-loading_errors ff_form_instance_3_1_errors'><\/div><\/div>        <script type=\"text\/javascript\">\n            window.fluent_form_ff_form_instance_3_1 = {\"id\":\"3\",\"settings\":{\"layout\":{\"labelPlacement\":\"top\",\"asteriskPlacement\":\"asterisk-right\",\"helpMessagePlacement\":\"with_label\",\"errorMessagePlacement\":\"inline\",\"cssClassName\":\"\"},\"restrictions\":{\"denyEmptySubmission\":{\"enabled\":false}}},\"form_instance\":\"ff_form_instance_3_1\",\"form_id_selector\":\"fluentform_3\",\"rules\":{\"names[first_name]\":{\"required\":{\"value\":true,\"message\":\"Este campo \\u00e9 obrigat\\u00f3rio.\",\"global_message\":\"Este campo \\u00e9 obrigat\\u00f3rio.\",\"global\":true}},\"names[middle_name]\":{\"required\":{\"value\":false,\"message\":\"Este campo \\u00e9 obrigat\\u00f3rio.\",\"global_message\":\"Este campo \\u00e9 obrigat\\u00f3rio.\",\"global\":true}},\"names[last_name]\":{\"required\":{\"value\":false,\"message\":\"Este campo \\u00e9 obrigat\\u00f3rio.\",\"global_message\":\"Este campo \\u00e9 obrigat\\u00f3rio.\",\"global\":true}},\"email\":{\"required\":{\"value\":true,\"message\":\"Este campo \\u00e9 obrigat\\u00f3rio.\",\"global_message\":\"Este campo \\u00e9 obrigat\\u00f3rio.\",\"global\":true},\"email\":{\"value\":true,\"message\":\"Deve inserir um email v\\u00e1lido.\",\"global_message\":\"Deve inserir um email v\\u00e1lido.\",\"global\":true}},\"input_text\":{\"required\":{\"value\":false,\"message\":\"Este campo \\u00e9 obrigat\\u00f3rio.\",\"global_message\":\"Este campo \\u00e9 obrigat\\u00f3rio.\",\"global\":true}},\"input_radio\":{\"required\":{\"value\":true,\"message\":\"Este campo \\u00e9 obrigat\\u00f3rio.\",\"global_message\":\"Este campo \\u00e9 obrigat\\u00f3rio.\",\"global\":true}},\"input_radio_1\":{\"required\":{\"value\":true,\"message\":\"Este campo \\u00e9 obrigat\\u00f3rio.\",\"global_message\":\"Este campo \\u00e9 obrigat\\u00f3rio.\",\"global\":true}},\"checkbox\":{\"required\":{\"value\":true,\"message\":\"Este campo \\u00e9 obrigat\\u00f3rio.\",\"global_message\":\"Este campo \\u00e9 obrigat\\u00f3rio.\",\"global\":true}},\"checkbox_3\":{\"required\":{\"value\":true,\"message\":\"Este campo \\u00e9 obrigat\\u00f3rio.\",\"global_message\":\"Este campo \\u00e9 obrigat\\u00f3rio.\",\"global\":true}},\"checkbox_2\":{\"required\":{\"value\":true,\"message\":\"Este campo \\u00e9 obrigat\\u00f3rio.\",\"global_message\":\"Este campo \\u00e9 obrigat\\u00f3rio.\",\"global\":true}},\"input_radio_2\":{\"required\":{\"value\":false,\"message\":\"Este campo \\u00e9 obrigat\\u00f3rio.\",\"global_message\":\"Este campo \\u00e9 obrigat\\u00f3rio.\",\"global\":true}}},\"debounce_time\":300};\n                    <\/script>\n                    <\/div>\n\n            \t\t\t\t<\/div>\n\t\t\t\t<\/div>\n\t\t\t\t\t<\/div>\n\t\t\t\t<\/div>\n\t\t\t\t<\/div>\n\t\t","protected":false},"excerpt":{"rendered":"<p>Info Nome Completo:EmailEscola de proveni\u00eanciaEscolaridade: 10.\u00ba Ano 11.\u00ba Ano 12.\u00ba Ano LicenciaturaSabias da exist\u00eancia de uma Institui\u00e7\u00e3o de Ensino Superior em Penafiel? Sim N\u00e3o\u00c1rea de estudo de interesse: Desporto Educa\u00e7\u00e3o B\u00e1sica Educa\u00e7\u00e3o Social Multim\u00e9dia\/Tecnologias Design de Produto TurismoTipologia de curso em que est\u00e1s interessado: CTeSP Licenciatura Mestrado P\u00f3s-Gradua\u00e7\u00e3oComo tomaste conhecimento dos nossos Cursos? Escola Feira [&hellip;]<\/p>\n","protected":false},"author":1,"featured_media":0,"parent":0,"menu_order":0,"comment_status":"closed","ping_status":"open","template":"elementor_canvas","meta":{"footnotes":""},"class_list":["post-2","page","type-page","status-publish","hentry"],"_links":{"self":[{"href":"https:\/\/info.iscedouro.pt\/index.php\/wp-json\/wp\/v2\/pages\/2","targetHints":{"allow":["GET"]}}],"collection":[{"href":"https:\/\/info.iscedouro.pt\/index.php\/wp-json\/wp\/v2\/pages"}],"about":[{"href":"https:\/\/info.iscedouro.pt\/index.php\/wp-json\/wp\/v2\/types\/page"}],"author":[{"embeddable":true,"href":"https:\/\/info.iscedouro.pt\/index.php\/wp-json\/wp\/v2\/users\/1"}],"replies":[{"embeddable":true,"href":"https:\/\/info.iscedouro.pt\/index.php\/wp-json\/wp\/v2\/comments?post=2"}],"version-history":[{"count":18,"href":"https:\/\/info.iscedouro.pt\/index.php\/wp-json\/wp\/v2\/pages\/2\/revisions"}],"predecessor-version":[{"id":33,"href":"https:\/\/info.iscedouro.pt\/index.php\/wp-json\/wp\/v2\/pages\/2\/revisions\/33"}],"wp:attachment":[{"href":"https:\/\/info.iscedouro.pt\/index.php\/wp-json\/wp\/v2\/media?parent=2"}],"curies":[{"name":"wp","href":"https:\/\/api.w.org\/{rel}","templated":true}]}}